{"id":1670,"date":"2023-02-06T15:06:29","date_gmt":"2023-02-06T15:06:29","guid":{"rendered":"http:\/\/knightsofmaltaosj.com.br\/?page_id=1670"},"modified":"2023-02-06T15:08:12","modified_gmt":"2023-02-06T15:08:12","slug":"noticia","status":"publish","type":"page","link":"https:\/\/knightsofmaltaosj.com.br\/?page_id=1670","title":{"rendered":"Not\u00edcias"},"content":{"rendered":"\t\t<div data-elementor-type=\"wp-page\" data-elementor-id=\"1670\" class=\"elementor elementor-1670\">\n\t\t\t\t\t\t<section class=\"elementor-section elementor-top-section elementor-element elementor-element-4070771 elementor-section-boxed elementor-section-height-default elementor-section-height-default\" data-id=\"4070771\" data-element_type=\"section\" data-e-type=\"section\">\n\t\t\t\t\t\t<div class=\"elementor-container elementor-column-gap-default\">\n\t\t\t\t\t<div class=\"elementor-column elementor-col-100 elementor-top-column elementor-element elementor-element-9a67174\" data-id=\"9a67174\" data-element_type=\"column\" data-e-type=\"column\">\n\t\t\t<div class=\"elementor-widget-wrap elementor-element-populated\">\n\t\t\t\t\t\t<div class=\"elementor-element elementor-element-db29f3d elementor-widget-divider--view-line elementor-widget elementor-widget-divider\" data-id=\"db29f3d\" data-element_type=\"widget\" data-e-type=\"widget\" data-widget_type=\"divider.default\">\n\t\t\t\t<div class=\"elementor-widget-container\">\n\t\t\t\t\t\t\t<div class=\"elementor-divider\">\n\t\t\t<span class=\"elementor-divider-separator\">\n\t\t\t\t\t\t<\/span>\n\t\t<\/div>\n\t\t\t\t\t\t<\/div>\n\t\t\t\t<\/div>\n\t\t\t\t<div class=\"elementor-element elementor-element-65f5382 elementor-widget elementor-widget-heading\" data-id=\"65f5382\" data-element_type=\"widget\" data-e-type=\"widget\" data-widget_type=\"heading.default\">\n\t\t\t\t<div class=\"elementor-widget-container\">\n\t\t\t\t\t<h2 class=\"elementor-heading-title elementor-size-default\">NOT\u00cdCIAS<\/h2>\t\t\t\t<\/div>\n\t\t\t\t<\/div>\n\t\t\t\t<div class=\"elementor-element elementor-element-7d48400 elementor-widget-divider--view-line elementor-widget elementor-widget-divider\" data-id=\"7d48400\" data-element_type=\"widget\" data-e-type=\"widget\" data-widget_type=\"divider.default\">\n\t\t\t\t<div class=\"elementor-widget-container\">\n\t\t\t\t\t\t\t<div class=\"elementor-divider\">\n\t\t\t<span class=\"elementor-divider-separator\">\n\t\t\t\t\t\t<\/span>\n\t\t<\/div>\n\t\t\t\t\t\t<\/div>\n\t\t\t\t<\/div>\n\t\t\t\t\t<\/div>\n\t\t<\/div>\n\t\t\t\t\t<\/div>\n\t\t<\/section>\n\t\t\t\t<section class=\"elementor-section elementor-top-section elementor-element elementor-element-72c3763 elementor-section-boxed elementor-section-height-default elementor-section-height-default\" data-id=\"72c3763\" data-element_type=\"section\" data-e-type=\"section\">\n\t\t\t\t\t\t<div class=\"elementor-container elementor-column-gap-default\">\n\t\t\t\t\t<div class=\"elementor-column elementor-col-100 elementor-top-column elementor-element elementor-element-4ea24ae\" data-id=\"4ea24ae\" data-element_type=\"column\" data-e-type=\"column\">\n\t\t\t<div class=\"elementor-widget-wrap elementor-element-populated\">\n\t\t\t\t\t\t<div class=\"elementor-element elementor-element-9daa1d9 elementor-grid-3 elementor-grid-tablet-2 elementor-grid-mobile-1 elementor-posts--thumbnail-top elementor-posts__hover-gradient elementor-widget elementor-widget-posts\" data-id=\"9daa1d9\" data-element_type=\"widget\" data-e-type=\"widget\" data-settings=\"{&quot;cards_columns&quot;:&quot;3&quot;,&quot;cards_columns_tablet&quot;:&quot;2&quot;,&quot;cards_columns_mobile&quot;:&quot;1&quot;,&quot;cards_row_gap&quot;:{&quot;unit&quot;:&quot;px&quot;,&quot;size&quot;:35,&quot;sizes&quot;:[]},&quot;cards_row_gap_tablet&quot;:{&quot;unit&quot;:&quot;px&quot;,&quot;size&quot;:&quot;&quot;,&quot;sizes&quot;:[]},&quot;cards_row_gap_mobile&quot;:{&quot;unit&quot;:&quot;px&quot;,&quot;size&quot;:&quot;&quot;,&quot;sizes&quot;:[]}}\" data-widget_type=\"posts.cards\">\n\t\t\t\t<div class=\"elementor-widget-container\">\n\t\t\t\t\t\t\t<div class=\"elementor-posts-container elementor-posts elementor-posts--skin-cards elementor-grid\">\n\t\t\t\t<article class=\"elementor-post elementor-grid-item post-1975 post type-post status-publish format-standard has-post-thumbnail hentry category-uncategorized entry has-media\">\n\t\t\t<div class=\"elementor-post__card\">\n\t\t\t\t<a class=\"elementor-post__thumbnail__link\" href=\"https:\/\/knightsofmaltaosj.com.br\/?p=1975\" ><div class=\"elementor-post__thumbnail\"><img fetchpriority=\"high\" decoding=\"async\" width=\"225\" height=\"300\" src=\"https:\/\/knightsofmaltaosj.com.br\/wp-content\/uploads\/2022\/03\/carta-225x300.jpeg\" class=\"attachment-medium size-medium wp-image-1979\" alt=\"\" srcset=\"https:\/\/knightsofmaltaosj.com.br\/wp-content\/uploads\/2022\/03\/carta-225x300.jpeg 225w, https:\/\/knightsofmaltaosj.com.br\/wp-content\/uploads\/2022\/03\/carta-768x1024.jpeg 768w, https:\/\/knightsofmaltaosj.com.br\/wp-content\/uploads\/2022\/03\/carta-1152x1536.jpeg 1152w, https:\/\/knightsofmaltaosj.com.br\/wp-content\/uploads\/2022\/03\/carta.jpeg 1200w\" sizes=\"(max-width: 225px) 100vw, 225px\" \/><\/div><\/a>\n\t\t\t\t<div class=\"elementor-post__text\">\n\t\t\t\t<h3 class=\"elementor-post__title\">\n\t\t\t<a href=\"https:\/\/knightsofmaltaosj.com.br\/?p=1975\" >\n\t\t\t\tCarta de Refer\u00eancia ao gr\u00e3o prior da ordem dos cavaleiros de malta\t\t\t<\/a>\n\t\t<\/h3>\n\t\t\t\t\t<a class=\"elementor-post__read-more\" href=\"https:\/\/knightsofmaltaosj.com.br\/?p=1975\" >\n\t\t\t\tSaiba Mais \u00bb\t\t\t<\/a>\n\t\t\t\t<\/div>\n\t\t\t\t\t<\/div>\n\t\t<\/article>\n\t\t\t\t<article class=\"elementor-post elementor-grid-item post-1898 post type-post status-publish format-standard has-post-thumbnail hentry category-uncategorized entry has-media\">\n\t\t\t<div class=\"elementor-post__card\">\n\t\t\t\t<a class=\"elementor-post__thumbnail__link\" href=\"https:\/\/knightsofmaltaosj.com.br\/?p=1898\" ><div class=\"elementor-post__thumbnail\"><img decoding=\"async\" width=\"300\" height=\"240\" src=\"https:\/\/knightsofmaltaosj.com.br\/wp-content\/uploads\/2023\/08\/foto_05-01-08-300x240.jpg\" class=\"attachment-medium size-medium wp-image-1904\" alt=\"\" srcset=\"https:\/\/knightsofmaltaosj.com.br\/wp-content\/uploads\/2023\/08\/foto_05-01-08-300x240.jpg 300w, https:\/\/knightsofmaltaosj.com.br\/wp-content\/uploads\/2023\/08\/foto_05-01-08.jpg 500w\" sizes=\"(max-width: 300px) 100vw, 300px\" \/><\/div><\/a>\n\t\t\t\t<div class=\"elementor-post__text\">\n\t\t\t\t<h3 class=\"elementor-post__title\">\n\t\t\t<a href=\"https:\/\/knightsofmaltaosj.com.br\/?p=1898\" >\n\t\t\t\tSede do Gr\u00e3o-Prior Aut\u00f4nomo da Ordem Soberana dos Cavaleiros de Malta\t\t\t<\/a>\n\t\t<\/h3>\n\t\t\t\t\t<a class=\"elementor-post__read-more\" href=\"https:\/\/knightsofmaltaosj.com.br\/?p=1898\" >\n\t\t\t\tSaiba Mais \u00bb\t\t\t<\/a>\n\t\t\t\t<\/div>\n\t\t\t\t\t<\/div>\n\t\t<\/article>\n\t\t\t\t<article class=\"elementor-post elementor-grid-item post-1885 post type-post status-publish format-standard has-post-thumbnail hentry category-uncategorized entry has-media\">\n\t\t\t<div class=\"elementor-post__card\">\n\t\t\t\t<a class=\"elementor-post__thumbnail__link\" href=\"https:\/\/knightsofmaltaosj.com.br\/?p=1885\" ><div class=\"elementor-post__thumbnail\"><img decoding=\"async\" width=\"300\" height=\"217\" src=\"https:\/\/knightsofmaltaosj.com.br\/wp-content\/uploads\/2023\/07\/358704877_801605171427125_874004568780425641_n-300x217.jpg\" class=\"attachment-medium size-medium wp-image-1886\" alt=\"\" srcset=\"https:\/\/knightsofmaltaosj.com.br\/wp-content\/uploads\/2023\/07\/358704877_801605171427125_874004568780425641_n-300x217.jpg 300w, https:\/\/knightsofmaltaosj.com.br\/wp-content\/uploads\/2023\/07\/358704877_801605171427125_874004568780425641_n-768x554.jpg 768w, https:\/\/knightsofmaltaosj.com.br\/wp-content\/uploads\/2023\/07\/358704877_801605171427125_874004568780425641_n.jpg 960w\" sizes=\"(max-width: 300px) 100vw, 300px\" \/><\/div><\/a>\n\t\t\t\t<div class=\"elementor-post__text\">\n\t\t\t\t<h3 class=\"elementor-post__title\">\n\t\t\t<a href=\"https:\/\/knightsofmaltaosj.com.br\/?p=1885\" >\n\t\t\t\tVisita da  Majesty Queen Maria Amor from Philippines a sua Santidade Baba Mondi, o l\u00edder mundial da Ordem Bektashi.\t\t\t<\/a>\n\t\t<\/h3>\n\t\t\t\t\t<a class=\"elementor-post__read-more\" href=\"https:\/\/knightsofmaltaosj.com.br\/?p=1885\" >\n\t\t\t\tSaiba Mais \u00bb\t\t\t<\/a>\n\t\t\t\t<\/div>\n\t\t\t\t\t<\/div>\n\t\t<\/article>\n\t\t\t\t<article class=\"elementor-post elementor-grid-item post-1696 post type-post status-publish format-standard has-post-thumbnail hentry category-uncategorized entry has-media\">\n\t\t\t<div class=\"elementor-post__card\">\n\t\t\t\t<a class=\"elementor-post__thumbnail__link\" href=\"https:\/\/knightsofmaltaosj.com.br\/?p=1696\" ><div class=\"elementor-post__thumbnail\"><img loading=\"lazy\" decoding=\"async\" width=\"300\" height=\"200\" src=\"https:\/\/knightsofmaltaosj.com.br\/wp-content\/uploads\/2023\/07\/IMG-20230707-WA0052-300x200.jpg\" class=\"attachment-medium size-medium wp-image-1739\" alt=\"\" srcset=\"https:\/\/knightsofmaltaosj.com.br\/wp-content\/uploads\/2023\/07\/IMG-20230707-WA0052-300x200.jpg 300w, https:\/\/knightsofmaltaosj.com.br\/wp-content\/uploads\/2023\/07\/IMG-20230707-WA0052-1024x683.jpg 1024w, https:\/\/knightsofmaltaosj.com.br\/wp-content\/uploads\/2023\/07\/IMG-20230707-WA0052-768x512.jpg 768w, https:\/\/knightsofmaltaosj.com.br\/wp-content\/uploads\/2023\/07\/IMG-20230707-WA0052.jpg 1440w\" sizes=\"(max-width: 300px) 100vw, 300px\" \/><\/div><\/a>\n\t\t\t\t<div class=\"elementor-post__text\">\n\t\t\t\t<h3 class=\"elementor-post__title\">\n\t\t\t<a href=\"https:\/\/knightsofmaltaosj.com.br\/?p=1696\" >\n\t\t\t\tFotos Hist\u00f3ricas\t\t\t<\/a>\n\t\t<\/h3>\n\t\t\t\t\t<a class=\"elementor-post__read-more\" href=\"https:\/\/knightsofmaltaosj.com.br\/?p=1696\" >\n\t\t\t\tSaiba Mais \u00bb\t\t\t<\/a>\n\t\t\t\t<\/div>\n\t\t\t\t\t<\/div>\n\t\t<\/article>\n\t\t\t\t<article class=\"elementor-post elementor-grid-item post-1652 post type-post status-publish format-standard has-post-thumbnail hentry category-uncategorized entry has-media\">\n\t\t\t<div class=\"elementor-post__card\">\n\t\t\t\t<a class=\"elementor-post__thumbnail__link\" href=\"https:\/\/knightsofmaltaosj.com.br\/?p=1652\" ><div class=\"elementor-post__thumbnail\"><img loading=\"lazy\" decoding=\"async\" width=\"300\" height=\"300\" src=\"https:\/\/knightsofmaltaosj.com.br\/wp-content\/uploads\/2023\/02\/5-300x300.jpg\" class=\"attachment-medium size-medium wp-image-1657\" alt=\"\" srcset=\"https:\/\/knightsofmaltaosj.com.br\/wp-content\/uploads\/2023\/02\/5-300x300.jpg 300w, https:\/\/knightsofmaltaosj.com.br\/wp-content\/uploads\/2023\/02\/5-1024x1024.jpg 1024w, https:\/\/knightsofmaltaosj.com.br\/wp-content\/uploads\/2023\/02\/5-150x150.jpg 150w, https:\/\/knightsofmaltaosj.com.br\/wp-content\/uploads\/2023\/02\/5-768x768.jpg 768w, https:\/\/knightsofmaltaosj.com.br\/wp-content\/uploads\/2023\/02\/5.jpg 1080w\" sizes=\"(max-width: 300px) 100vw, 300px\" \/><\/div><\/a>\n\t\t\t\t<div class=\"elementor-post__text\">\n\t\t\t\t<h3 class=\"elementor-post__title\">\n\t\t\t<a href=\"https:\/\/knightsofmaltaosj.com.br\/?p=1652\" >\n\t\t\t\tCoroa\u00e7\u00e3o da Princesa Maria Amor Torres\t\t\t<\/a>\n\t\t<\/h3>\n\t\t\t\t\t<a class=\"elementor-post__read-more\" href=\"https:\/\/knightsofmaltaosj.com.br\/?p=1652\" >\n\t\t\t\tSaiba Mais \u00bb\t\t\t<\/a>\n\t\t\t\t<\/div>\n\t\t\t\t\t<\/div>\n\t\t<\/article>\n\t\t\t\t<article class=\"elementor-post elementor-grid-item post-1594 post type-post status-publish format-standard has-post-thumbnail hentry category-uncategorized entry has-media\">\n\t\t\t<div class=\"elementor-post__card\">\n\t\t\t\t<a class=\"elementor-post__thumbnail__link\" href=\"https:\/\/knightsofmaltaosj.com.br\/?p=1594\" ><div class=\"elementor-post__thumbnail\"><img loading=\"lazy\" decoding=\"async\" width=\"300\" height=\"300\" src=\"https:\/\/knightsofmaltaosj.com.br\/wp-content\/uploads\/2022\/08\/Todos-8-300x300.png\" class=\"attachment-medium size-medium wp-image-1611\" alt=\"\" srcset=\"https:\/\/knightsofmaltaosj.com.br\/wp-content\/uploads\/2022\/08\/Todos-8-300x300.png 300w, https:\/\/knightsofmaltaosj.com.br\/wp-content\/uploads\/2022\/08\/Todos-8-1024x1024.png 1024w, https:\/\/knightsofmaltaosj.com.br\/wp-content\/uploads\/2022\/08\/Todos-8-150x150.png 150w, https:\/\/knightsofmaltaosj.com.br\/wp-content\/uploads\/2022\/08\/Todos-8-768x768.png 768w, https:\/\/knightsofmaltaosj.com.br\/wp-content\/uploads\/2022\/08\/Todos-8.png 1080w\" sizes=\"(max-width: 300px) 100vw, 300px\" \/><\/div><\/a>\n\t\t\t\t<div class=\"elementor-post__text\">\n\t\t\t\t<h3 class=\"elementor-post__title\">\n\t\t\t<a href=\"https:\/\/knightsofmaltaosj.com.br\/?p=1594\" >\n\t\t\t\tCaravana de Paz do Himalaia, evento Brasil\t\t\t<\/a>\n\t\t<\/h3>\n\t\t\t\t\t<a class=\"elementor-post__read-more\" href=\"https:\/\/knightsofmaltaosj.com.br\/?p=1594\" >\n\t\t\t\tSaiba Mais \u00bb\t\t\t<\/a>\n\t\t\t\t<\/div>\n\t\t\t\t\t<\/div>\n\t\t<\/article>\n\t\t\t\t<article class=\"elementor-post elementor-grid-item post-1542 post type-post status-publish format-standard has-post-thumbnail hentry category-uncategorized entry has-media\">\n\t\t\t<div class=\"elementor-post__card\">\n\t\t\t\t<a class=\"elementor-post__thumbnail__link\" href=\"https:\/\/knightsofmaltaosj.com.br\/?p=1542\" ><div class=\"elementor-post__thumbnail\"><img loading=\"lazy\" decoding=\"async\" width=\"300\" height=\"300\" src=\"https:\/\/knightsofmaltaosj.com.br\/wp-content\/uploads\/2022\/08\/9-300x300.png\" class=\"attachment-medium size-medium wp-image-1543\" alt=\"\" srcset=\"https:\/\/knightsofmaltaosj.com.br\/wp-content\/uploads\/2022\/08\/9-300x300.png 300w, https:\/\/knightsofmaltaosj.com.br\/wp-content\/uploads\/2022\/08\/9-1024x1024.png 1024w, https:\/\/knightsofmaltaosj.com.br\/wp-content\/uploads\/2022\/08\/9-150x150.png 150w, https:\/\/knightsofmaltaosj.com.br\/wp-content\/uploads\/2022\/08\/9-768x768.png 768w, https:\/\/knightsofmaltaosj.com.br\/wp-content\/uploads\/2022\/08\/9.png 1080w\" sizes=\"(max-width: 300px) 100vw, 300px\" \/><\/div><\/a>\n\t\t\t\t<div class=\"elementor-post__text\">\n\t\t\t\t<h3 class=\"elementor-post__title\">\n\t\t\t<a href=\"https:\/\/knightsofmaltaosj.com.br\/?p=1542\" >\n\t\t\t\tRecep\u00e7\u00e3o da Caravana de Paz do Himalaia\t\t\t<\/a>\n\t\t<\/h3>\n\t\t\t\t\t<a class=\"elementor-post__read-more\" href=\"https:\/\/knightsofmaltaosj.com.br\/?p=1542\" >\n\t\t\t\tSaiba Mais \u00bb\t\t\t<\/a>\n\t\t\t\t<\/div>\n\t\t\t\t\t<\/div>\n\t\t<\/article>\n\t\t\t\t<article class=\"elementor-post elementor-grid-item post-1527 post type-post status-publish format-standard has-post-thumbnail hentry category-uncategorized entry has-media\">\n\t\t\t<div class=\"elementor-post__card\">\n\t\t\t\t<a class=\"elementor-post__thumbnail__link\" href=\"https:\/\/knightsofmaltaosj.com.br\/?p=1527\" ><div class=\"elementor-post__thumbnail\"><img loading=\"lazy\" decoding=\"async\" width=\"300\" height=\"300\" src=\"https:\/\/knightsofmaltaosj.com.br\/wp-content\/uploads\/2022\/07\/2-1-300x300.png\" class=\"attachment-medium size-medium wp-image-1531\" alt=\"\" srcset=\"https:\/\/knightsofmaltaosj.com.br\/wp-content\/uploads\/2022\/07\/2-1-300x300.png 300w, https:\/\/knightsofmaltaosj.com.br\/wp-content\/uploads\/2022\/07\/2-1-1024x1024.png 1024w, https:\/\/knightsofmaltaosj.com.br\/wp-content\/uploads\/2022\/07\/2-1-150x150.png 150w, https:\/\/knightsofmaltaosj.com.br\/wp-content\/uploads\/2022\/07\/2-1-768x768.png 768w, https:\/\/knightsofmaltaosj.com.br\/wp-content\/uploads\/2022\/07\/2-1.png 1080w\" sizes=\"(max-width: 300px) 100vw, 300px\" \/><\/div><\/a>\n\t\t\t\t<div class=\"elementor-post__text\">\n\t\t\t\t<h3 class=\"elementor-post__title\">\n\t\t\t<a href=\"https:\/\/knightsofmaltaosj.com.br\/?p=1527\" >\n\t\t\t\tCelebra\u00e7\u00f5es da festa de S\u00e3o Jo\u00e3o em Urbino\t\t\t<\/a>\n\t\t<\/h3>\n\t\t\t\t\t<a class=\"elementor-post__read-more\" href=\"https:\/\/knightsofmaltaosj.com.br\/?p=1527\" >\n\t\t\t\tSaiba Mais \u00bb\t\t\t<\/a>\n\t\t\t\t<\/div>\n\t\t\t\t\t<\/div>\n\t\t<\/article>\n\t\t\t\t<article class=\"elementor-post elementor-grid-item post-1416 post type-post status-publish format-standard has-post-thumbnail hentry category-uncategorized entry has-media\">\n\t\t\t<div class=\"elementor-post__card\">\n\t\t\t\t<a class=\"elementor-post__thumbnail__link\" href=\"https:\/\/knightsofmaltaosj.com.br\/?p=1416\" ><div class=\"elementor-post__thumbnail\"><img loading=\"lazy\" decoding=\"async\" width=\"300\" height=\"300\" src=\"https:\/\/knightsofmaltaosj.com.br\/wp-content\/uploads\/2022\/07\/3-2-300x300.png\" class=\"attachment-medium size-medium wp-image-1421\" alt=\"\" srcset=\"https:\/\/knightsofmaltaosj.com.br\/wp-content\/uploads\/2022\/07\/3-2-300x300.png 300w, https:\/\/knightsofmaltaosj.com.br\/wp-content\/uploads\/2022\/07\/3-2-1024x1024.png 1024w, https:\/\/knightsofmaltaosj.com.br\/wp-content\/uploads\/2022\/07\/3-2-150x150.png 150w, https:\/\/knightsofmaltaosj.com.br\/wp-content\/uploads\/2022\/07\/3-2-768x768.png 768w, https:\/\/knightsofmaltaosj.com.br\/wp-content\/uploads\/2022\/07\/3-2.png 1080w\" sizes=\"(max-width: 300px) 100vw, 300px\" \/><\/div><\/a>\n\t\t\t\t<div class=\"elementor-post__text\">\n\t\t\t\t<h3 class=\"elementor-post__title\">\n\t\t\t<a href=\"https:\/\/knightsofmaltaosj.com.br\/?p=1416\" >\n\t\t\t\tVisita ao Instituto Shotokan de Karat\u00ea\t\t\t<\/a>\n\t\t<\/h3>\n\t\t\t\t\t<a class=\"elementor-post__read-more\" href=\"https:\/\/knightsofmaltaosj.com.br\/?p=1416\" >\n\t\t\t\tSaiba Mais \u00bb\t\t\t<\/a>\n\t\t\t\t<\/div>\n\t\t\t\t\t<\/div>\n\t\t<\/article>\n\t\t\t\t<article class=\"elementor-post elementor-grid-item post-1400 post type-post status-publish format-standard has-post-thumbnail hentry category-uncategorized entry has-media\">\n\t\t\t<div class=\"elementor-post__card\">\n\t\t\t\t<a class=\"elementor-post__thumbnail__link\" href=\"https:\/\/knightsofmaltaosj.com.br\/?p=1400\" ><div class=\"elementor-post__thumbnail\"><img loading=\"lazy\" decoding=\"async\" width=\"300\" height=\"300\" src=\"https:\/\/knightsofmaltaosj.com.br\/wp-content\/uploads\/2022\/07\/11-300x300.png\" class=\"attachment-medium size-medium wp-image-1405\" alt=\"\" srcset=\"https:\/\/knightsofmaltaosj.com.br\/wp-content\/uploads\/2022\/07\/11-300x300.png 300w, https:\/\/knightsofmaltaosj.com.br\/wp-content\/uploads\/2022\/07\/11-1024x1024.png 1024w, https:\/\/knightsofmaltaosj.com.br\/wp-content\/uploads\/2022\/07\/11-150x150.png 150w, https:\/\/knightsofmaltaosj.com.br\/wp-content\/uploads\/2022\/07\/11-768x768.png 768w, https:\/\/knightsofmaltaosj.com.br\/wp-content\/uploads\/2022\/07\/11.png 1080w\" sizes=\"(max-width: 300px) 100vw, 300px\" \/><\/div><\/a>\n\t\t\t\t<div class=\"elementor-post__text\">\n\t\t\t\t<h3 class=\"elementor-post__title\">\n\t\t\t<a href=\"https:\/\/knightsofmaltaosj.com.br\/?p=1400\" >\n\t\t\t\tRecep\u00e7\u00e3o de gala. Comemora\u00e7\u00e3o do bicenten\u00e1rio do Grande Oriente do Brasil.\t\t\t<\/a>\n\t\t<\/h3>\n\t\t\t\t\t<a class=\"elementor-post__read-more\" href=\"https:\/\/knightsofmaltaosj.com.br\/?p=1400\" >\n\t\t\t\tSaiba Mais \u00bb\t\t\t<\/a>\n\t\t\t\t<\/div>\n\t\t\t\t\t<\/div>\n\t\t<\/article>\n\t\t\t\t<\/div>\n\n\n\t\t\n\t\t\t\t\t\t<\/div>\n\t\t\t\t<\/div>\n\t\t\t\t\t<\/div>\n\t\t<\/div>\n\t\t\t\t\t<\/div>\n\t\t<\/section>\n\t\t\t\t<\/div>\n\t\t","protected":false},"excerpt":{"rendered":"<p>NOT\u00cdCIAS<\/p>\n","protected":false},"author":1,"featured_media":0,"parent":0,"menu_order":0,"comment_status":"closed","ping_status":"closed","template":"","meta":{"ocean_post_layout":"","ocean_both_sidebars_style":"","ocean_both_sidebars_content_width":0,"ocean_both_sidebars_sidebars_width":0,"ocean_sidebar":"0","ocean_second_sidebar":"0","ocean_disable_margins":"enable","ocean_add_body_class":"","ocean_shortcode_before_top_bar":"","ocean_shortcode_after_top_bar":"","ocean_shortcode_before_header":"","ocean_shortcode_after_header":"","ocean_has_shortcode":"","ocean_shortcode_after_title":"","ocean_shortcode_before_footer_widgets":"","ocean_shortcode_after_footer_widgets":"","ocean_shortcode_before_footer_bottom":"","ocean_shortcode_after_footer_bottom":"","ocean_display_top_bar":"off","ocean_display_header":"default","ocean_header_style":"","ocean_center_header_left_menu":"0","ocean_custom_header_template":"0","ocean_custom_logo":0,"ocean_custom_retina_logo":0,"ocean_custom_logo_max_width":0,"ocean_custom_logo_tablet_max_width":0,"ocean_custom_logo_mobile_max_width":0,"ocean_custom_logo_max_height":0,"ocean_custom_logo_tablet_max_height":0,"ocean_custom_logo_mobile_max_height":0,"ocean_header_custom_menu":"0","ocean_menu_typo_font_family":"0","ocean_menu_typo_font_subset":"","ocean_menu_typo_font_size":0,"ocean_menu_typo_font_size_tablet":0,"ocean_menu_typo_font_size_mobile":0,"ocean_menu_typo_font_size_unit":"px","ocean_menu_typo_font_weight":"","ocean_menu_typo_font_weight_tablet":"","ocean_menu_typo_font_weight_mobile":"","ocean_menu_typo_transform":"","ocean_menu_typo_transform_tablet":"","ocean_menu_typo_transform_mobile":"","ocean_menu_typo_line_height":0,"ocean_menu_typo_line_height_tablet":0,"ocean_menu_typo_line_height_mobile":0,"ocean_menu_typo_line_height_unit":"","ocean_menu_typo_spacing":0,"ocean_menu_typo_spacing_tablet":0,"ocean_menu_typo_spacing_mobile":0,"ocean_menu_typo_spacing_unit":"","ocean_menu_link_color":"","ocean_menu_link_color_hover":"","ocean_menu_link_color_active":"","ocean_menu_link_background":"","ocean_menu_link_hover_background":"","ocean_menu_link_active_background":"","ocean_menu_social_links_bg":"","ocean_menu_social_hover_links_bg":"","ocean_menu_social_links_color":"","ocean_menu_social_hover_links_color":"","ocean_disable_title":"on","ocean_disable_heading":"default","ocean_post_title":"","ocean_post_subheading":"","ocean_post_title_style":"","ocean_post_title_background_color":"","ocean_post_title_background":0,"ocean_post_title_bg_image_position":"","ocean_post_title_bg_image_attachment":"","ocean_post_title_bg_image_repeat":"","ocean_post_title_bg_image_size":"","ocean_post_title_height":0,"ocean_post_title_bg_overlay":0.5,"ocean_post_title_bg_overlay_color":"","ocean_disable_breadcrumbs":"default","ocean_breadcrumbs_color":"","ocean_breadcrumbs_separator_color":"","ocean_breadcrumbs_links_color":"","ocean_breadcrumbs_links_hover_color":"","ocean_display_footer_widgets":"default","ocean_display_footer_bottom":"default","ocean_custom_footer_template":"0","footnotes":""},"class_list":["post-1670","page","type-page","status-publish","hentry","entry","has-media"],"_links":{"self":[{"href":"https:\/\/knightsofmaltaosj.com.br\/index.php?rest_route=\/wp\/v2\/pages\/1670"}],"collection":[{"href":"https:\/\/knightsofmaltaosj.com.br\/index.php?rest_route=\/wp\/v2\/pages"}],"about":[{"href":"https:\/\/knightsofmaltaosj.com.br\/index.php?rest_route=\/wp\/v2\/types\/page"}],"author":[{"embeddable":true,"href":"https:\/\/knightsofmaltaosj.com.br\/index.php?rest_route=\/wp\/v2\/users\/1"}],"replies":[{"embeddable":true,"href":"https:\/\/knightsofmaltaosj.com.br\/index.php?rest_route=%2Fwp%2Fv2%2Fcomments&post=1670"}],"version-history":[{"count":8,"href":"https:\/\/knightsofmaltaosj.com.br\/index.php?rest_route=\/wp\/v2\/pages\/1670\/revisions"}],"predecessor-version":[{"id":1683,"href":"https:\/\/knightsofmaltaosj.com.br\/index.php?rest_route=\/wp\/v2\/pages\/1670\/revisions\/1683"}],"wp:attachment":[{"href":"https:\/\/knightsofmaltaosj.com.br\/index.php?rest_route=%2Fwp%2Fv2%2Fmedia&parent=1670"}],"curies":[{"name":"wp","href":"https:\/\/api.w.org\/{rel}","templated":true}]}}