{"id":82,"date":"2022-02-18T14:16:20","date_gmt":"2022-02-18T14:16:20","guid":{"rendered":"https:\/\/knightsofmaltaosj.com.br\/?page_id=82"},"modified":"2023-05-15T18:31:08","modified_gmt":"2023-05-15T18:31:08","slug":"priorado-do-brasil","status":"publish","type":"page","link":"https:\/\/knightsofmaltaosj.com.br\/?page_id=82","title":{"rendered":"Priorado do Brasil"},"content":{"rendered":"\t\t<div data-elementor-type=\"wp-page\" data-elementor-id=\"82\" class=\"elementor elementor-82\">\n\t\t\t\t\t\t<section class=\"elementor-section elementor-top-section elementor-element elementor-element-ef9b935 elementor-section-boxed elementor-section-height-default elementor-section-height-default\" data-id=\"ef9b935\" data-element_type=\"section\" data-e-type=\"section\">\n\t\t\t\t\t\t<div class=\"elementor-container elementor-column-gap-default\">\n\t\t\t\t\t<div class=\"elementor-column elementor-col-50 elementor-top-column elementor-element elementor-element-efc4343\" data-id=\"efc4343\" data-element_type=\"column\" data-e-type=\"column\">\n\t\t\t<div class=\"elementor-widget-wrap elementor-element-populated\">\n\t\t\t\t\t\t<div class=\"elementor-element elementor-element-07220d8 elementor-widget-divider--view-line elementor-widget elementor-widget-divider\" data-id=\"07220d8\" data-element_type=\"widget\" data-e-type=\"widget\" data-widget_type=\"divider.default\">\n\t\t\t\t<div class=\"elementor-widget-container\">\n\t\t\t\t\t\t\t<div class=\"elementor-divider\">\n\t\t\t<span class=\"elementor-divider-separator\">\n\t\t\t\t\t\t<\/span>\n\t\t<\/div>\n\t\t\t\t\t\t<\/div>\n\t\t\t\t<\/div>\n\t\t\t\t<div class=\"elementor-element elementor-element-f657d7f elementor-widget elementor-widget-heading\" data-id=\"f657d7f\" data-element_type=\"widget\" data-e-type=\"widget\" data-widget_type=\"heading.default\">\n\t\t\t\t<div class=\"elementor-widget-container\">\n\t\t\t\t\t<h2 class=\"elementor-heading-title elementor-size-default\">Gr\u00e3o Prior do Brasil - Franco Nicoletti<\/h2>\t\t\t\t<\/div>\n\t\t\t\t<\/div>\n\t\t\t\t<div class=\"elementor-element elementor-element-f14d79f elementor-widget-divider--view-line elementor-widget elementor-widget-divider\" data-id=\"f14d79f\" data-element_type=\"widget\" data-e-type=\"widget\" data-widget_type=\"divider.default\">\n\t\t\t\t<div class=\"elementor-widget-container\">\n\t\t\t\t\t\t\t<div class=\"elementor-divider\">\n\t\t\t<span class=\"elementor-divider-separator\">\n\t\t\t\t\t\t<\/span>\n\t\t<\/div>\n\t\t\t\t\t\t<\/div>\n\t\t\t\t<\/div>\n\t\t\t\t<div class=\"elementor-element elementor-element-2418181 elementor-widget elementor-widget-image\" data-id=\"2418181\" data-element_type=\"widget\" data-e-type=\"widget\" data-widget_type=\"image.default\">\n\t\t\t\t<div class=\"elementor-widget-container\">\n\t\t\t\t\t\t\t\t\t\t\t\t\t\t\t\t<a href=\"https:\/\/www.sovereignorderosjmalta.com\/gran-priorato-del-brasile\/\">\n\t\t\t\t\t\t\t<img fetchpriority=\"high\" decoding=\"async\" width=\"514\" height=\"853\" src=\"https:\/\/knightsofmaltaosj.com.br\/wp-content\/uploads\/2022\/04\/WhatsApp-Image-2022-04-23-at-09.33.371.jpeg\" class=\"attachment-large size-large wp-image-937\" alt=\"\" srcset=\"https:\/\/knightsofmaltaosj.com.br\/wp-content\/uploads\/2022\/04\/WhatsApp-Image-2022-04-23-at-09.33.371.jpeg 514w, https:\/\/knightsofmaltaosj.com.br\/wp-content\/uploads\/2022\/04\/WhatsApp-Image-2022-04-23-at-09.33.371-181x300.jpeg 181w\" sizes=\"(max-width: 514px) 100vw, 514px\" \/>\t\t\t\t\t\t\t\t<\/a>\n\t\t\t\t\t\t\t\t\t\t\t\t\t\t\t<\/div>\n\t\t\t\t<\/div>\n\t\t\t\t\t<\/div>\n\t\t<\/div>\n\t\t\t\t<div class=\"elementor-column elementor-col-50 elementor-top-column elementor-element elementor-element-2dca137\" data-id=\"2dca137\" data-element_type=\"column\" data-e-type=\"column\">\n\t\t\t<div class=\"elementor-widget-wrap elementor-element-populated\">\n\t\t\t\t\t\t<div class=\"elementor-element elementor-element-2b44c0e elementor-widget-divider--view-line elementor-widget elementor-widget-divider\" data-id=\"2b44c0e\" data-element_type=\"widget\" data-e-type=\"widget\" data-widget_type=\"divider.default\">\n\t\t\t\t<div class=\"elementor-widget-container\">\n\t\t\t\t\t\t\t<div class=\"elementor-divider\">\n\t\t\t<span class=\"elementor-divider-separator\">\n\t\t\t\t\t\t<\/span>\n\t\t<\/div>\n\t\t\t\t\t\t<\/div>\n\t\t\t\t<\/div>\n\t\t\t\t<div class=\"elementor-element elementor-element-b60b8b7 elementor-widget elementor-widget-heading\" data-id=\"b60b8b7\" data-element_type=\"widget\" data-e-type=\"widget\" data-widget_type=\"heading.default\">\n\t\t\t\t<div class=\"elementor-widget-container\">\n\t\t\t\t\t<h2 class=\"elementor-heading-title elementor-size-default\">T\u00edtulo investido ao Gr\u00e3o Prior do Brasil<\/h2>\t\t\t\t<\/div>\n\t\t\t\t<\/div>\n\t\t\t\t<div class=\"elementor-element elementor-element-06da84a elementor-widget-divider--view-line elementor-widget elementor-widget-divider\" data-id=\"06da84a\" data-element_type=\"widget\" data-e-type=\"widget\" data-widget_type=\"divider.default\">\n\t\t\t\t<div class=\"elementor-widget-container\">\n\t\t\t\t\t\t\t<div class=\"elementor-divider\">\n\t\t\t<span class=\"elementor-divider-separator\">\n\t\t\t\t\t\t<\/span>\n\t\t<\/div>\n\t\t\t\t\t\t<\/div>\n\t\t\t\t<\/div>\n\t\t\t\t<div class=\"elementor-element elementor-element-91f162c elementor-widget elementor-widget-image\" data-id=\"91f162c\" data-element_type=\"widget\" data-e-type=\"widget\" data-widget_type=\"image.default\">\n\t\t\t\t<div class=\"elementor-widget-container\">\n\t\t\t\t\t\t\t\t\t\t\t\t\t\t\t<img decoding=\"async\" width=\"701\" height=\"1024\" src=\"https:\/\/knightsofmaltaosj.com.br\/wp-content\/uploads\/2022\/04\/WhatsApp-Image-2020-09-26-at-14.09.46-701x1024-1.jpeg\" class=\"attachment-large size-large wp-image-715\" alt=\"\" srcset=\"https:\/\/knightsofmaltaosj.com.br\/wp-content\/uploads\/2022\/04\/WhatsApp-Image-2020-09-26-at-14.09.46-701x1024-1.jpeg 701w, https:\/\/knightsofmaltaosj.com.br\/wp-content\/uploads\/2022\/04\/WhatsApp-Image-2020-09-26-at-14.09.46-701x1024-1-205x300.jpeg 205w\" sizes=\"(max-width: 701px) 100vw, 701px\" \/>\t\t\t\t\t\t\t\t\t\t\t\t\t\t\t<\/div>\n\t\t\t\t<\/div>\n\t\t\t\t\t<\/div>\n\t\t<\/div>\n\t\t\t\t\t<\/div>\n\t\t<\/section>\n\t\t\t\t<section class=\"elementor-section elementor-top-section elementor-element elementor-element-fa0d8e0 elementor-section-boxed elementor-section-height-default elementor-section-height-default\" data-id=\"fa0d8e0\" data-element_type=\"section\" data-e-type=\"section\">\n\t\t\t\t\t\t<div class=\"elementor-container elementor-column-gap-default\">\n\t\t\t\t\t<div class=\"elementor-column elementor-col-100 elementor-top-column elementor-element elementor-element-3e0b38b\" data-id=\"3e0b38b\" data-element_type=\"column\" data-e-type=\"column\">\n\t\t\t<div class=\"elementor-widget-wrap elementor-element-populated\">\n\t\t\t\t\t\t<div class=\"elementor-element elementor-element-f805b8b elementor-widget elementor-widget-text-editor\" data-id=\"f805b8b\" data-element_type=\"widget\" data-e-type=\"widget\" data-widget_type=\"text-editor.default\">\n\t\t\t\t<div class=\"elementor-widget-container\">\n\t\t\t\t\t\t\t\t\t<p>Aos 17 dias do m\u00eas de novembro do ano de nosso senhor, 2020, foi empossado\u00a0 com o t\u00edtulo de Gr\u00e3o Prior do Brasil, o Nobre Cavaleiro Franco Nicoletti. <br \/>Nascido em 31 de Janeiro de 1947, este homem representa todos os valores da Soberana Ordem de S\u00e3o Giovanni de Jerusal\u00e9m, O.S.J. Malta e como dignat\u00e1rio, exerce poder e direitos como tal.<\/p>\t\t\t\t\t\t\t\t<\/div>\n\t\t\t\t<\/div>\n\t\t\t\t\t<\/div>\n\t\t<\/div>\n\t\t\t\t\t<\/div>\n\t\t<\/section>\n\t\t\t\t<section class=\"elementor-section elementor-top-section elementor-element elementor-element-cf3a275 elementor-hidden-desktop elementor-hidden-tablet elementor-hidden-mobile elementor-section-boxed elementor-section-height-default elementor-section-height-default\" data-id=\"cf3a275\" data-element_type=\"section\" data-e-type=\"section\">\n\t\t\t\t\t\t<div class=\"elementor-container elementor-column-gap-default\">\n\t\t\t\t\t<div class=\"elementor-column elementor-col-50 elementor-top-column elementor-element elementor-element-1078f23\" data-id=\"1078f23\" data-element_type=\"column\" data-e-type=\"column\">\n\t\t\t<div class=\"elementor-widget-wrap elementor-element-populated\">\n\t\t\t\t\t\t<div class=\"elementor-element elementor-element-f16b3c1 elementor-widget-divider--view-line elementor-widget elementor-widget-divider\" data-id=\"f16b3c1\" data-element_type=\"widget\" data-e-type=\"widget\" data-widget_type=\"divider.default\">\n\t\t\t\t<div class=\"elementor-widget-container\">\n\t\t\t\t\t\t\t<div class=\"elementor-divider\">\n\t\t\t<span class=\"elementor-divider-separator\">\n\t\t\t\t\t\t<\/span>\n\t\t<\/div>\n\t\t\t\t\t\t<\/div>\n\t\t\t\t<\/div>\n\t\t\t\t<div class=\"elementor-element elementor-element-c9669d7 elementor-widget elementor-widget-heading\" data-id=\"c9669d7\" data-element_type=\"widget\" data-e-type=\"widget\" data-widget_type=\"heading.default\">\n\t\t\t\t<div class=\"elementor-widget-container\">\n\t\t\t\t\t<h2 class=\"elementor-heading-title elementor-size-default\">Fun\u00e7\u00e3o e ordem do correspondente diplom\u00e1tico<\/h2>\t\t\t\t<\/div>\n\t\t\t\t<\/div>\n\t\t\t\t<div class=\"elementor-element elementor-element-c2b84c7 elementor-widget-divider--view-line elementor-widget elementor-widget-divider\" data-id=\"c2b84c7\" data-element_type=\"widget\" data-e-type=\"widget\" data-widget_type=\"divider.default\">\n\t\t\t\t<div class=\"elementor-widget-container\">\n\t\t\t\t\t\t\t<div class=\"elementor-divider\">\n\t\t\t<span class=\"elementor-divider-separator\">\n\t\t\t\t\t\t<\/span>\n\t\t<\/div>\n\t\t\t\t\t\t<\/div>\n\t\t\t\t<\/div>\n\t\t\t\t<div class=\"elementor-element elementor-element-d144ef7 elementor-widget elementor-widget-image\" data-id=\"d144ef7\" data-element_type=\"widget\" data-e-type=\"widget\" data-widget_type=\"image.default\">\n\t\t\t\t<div class=\"elementor-widget-container\">\n\t\t\t\t\t\t\t\t\t\t\t\t\t\t\t<img decoding=\"async\" width=\"768\" height=\"1146\" src=\"https:\/\/knightsofmaltaosj.com.br\/wp-content\/uploads\/2022\/04\/WhatsApp-Image-2022-04-25-at-17.43.30-768x1146.jpeg\" class=\"attachment-medium_large size-medium_large wp-image-805\" alt=\"\" srcset=\"https:\/\/knightsofmaltaosj.com.br\/wp-content\/uploads\/2022\/04\/WhatsApp-Image-2022-04-25-at-17.43.30-768x1146.jpeg 768w, https:\/\/knightsofmaltaosj.com.br\/wp-content\/uploads\/2022\/04\/WhatsApp-Image-2022-04-25-at-17.43.30-201x300.jpeg 201w, https:\/\/knightsofmaltaosj.com.br\/wp-content\/uploads\/2022\/04\/WhatsApp-Image-2022-04-25-at-17.43.30-686x1024.jpeg 686w, https:\/\/knightsofmaltaosj.com.br\/wp-content\/uploads\/2022\/04\/WhatsApp-Image-2022-04-25-at-17.43.30-1029x1536.jpeg 1029w, https:\/\/knightsofmaltaosj.com.br\/wp-content\/uploads\/2022\/04\/WhatsApp-Image-2022-04-25-at-17.43.30.jpeg 1372w\" sizes=\"(max-width: 768px) 100vw, 768px\" \/>\t\t\t\t\t\t\t\t\t\t\t\t\t\t\t<\/div>\n\t\t\t\t<\/div>\n\t\t\t\t\t<\/div>\n\t\t<\/div>\n\t\t\t\t<div class=\"elementor-column elementor-col-50 elementor-top-column elementor-element elementor-element-5404781\" data-id=\"5404781\" data-element_type=\"column\" data-e-type=\"column\">\n\t\t\t<div class=\"elementor-widget-wrap elementor-element-populated\">\n\t\t\t\t\t\t<div class=\"elementor-element elementor-element-94edfe9 elementor-widget-divider--view-line elementor-widget elementor-widget-divider\" data-id=\"94edfe9\" data-element_type=\"widget\" data-e-type=\"widget\" data-widget_type=\"divider.default\">\n\t\t\t\t<div class=\"elementor-widget-container\">\n\t\t\t\t\t\t\t<div class=\"elementor-divider\">\n\t\t\t<span class=\"elementor-divider-separator\">\n\t\t\t\t\t\t<\/span>\n\t\t<\/div>\n\t\t\t\t\t\t<\/div>\n\t\t\t\t<\/div>\n\t\t\t\t<div class=\"elementor-element elementor-element-4f10516 elementor-widget elementor-widget-heading\" data-id=\"4f10516\" data-element_type=\"widget\" data-e-type=\"widget\" data-widget_type=\"heading.default\">\n\t\t\t\t<div class=\"elementor-widget-container\">\n\t\t\t\t\t<h2 class=\"elementor-heading-title elementor-size-default\">Correspondente Diplom\u00e1tico - Cav. Vito Frascella<\/h2>\t\t\t\t<\/div>\n\t\t\t\t<\/div>\n\t\t\t\t<div class=\"elementor-element elementor-element-0f05678 elementor-widget-divider--view-line elementor-widget elementor-widget-divider\" data-id=\"0f05678\" data-element_type=\"widget\" data-e-type=\"widget\" data-widget_type=\"divider.default\">\n\t\t\t\t<div class=\"elementor-widget-container\">\n\t\t\t\t\t\t\t<div class=\"elementor-divider\">\n\t\t\t<span class=\"elementor-divider-separator\">\n\t\t\t\t\t\t<\/span>\n\t\t<\/div>\n\t\t\t\t\t\t<\/div>\n\t\t\t\t<\/div>\n\t\t\t\t<div class=\"elementor-element elementor-element-27fb5c5 elementor-widget elementor-widget-image\" data-id=\"27fb5c5\" data-element_type=\"widget\" data-e-type=\"widget\" data-widget_type=\"image.default\">\n\t\t\t\t<div class=\"elementor-widget-container\">\n\t\t\t\t\t\t\t\t\t\t\t\t\t\t\t<img loading=\"lazy\" decoding=\"async\" width=\"941\" height=\"656\" src=\"https:\/\/knightsofmaltaosj.com.br\/wp-content\/uploads\/2022\/03\/3.png\" class=\"attachment-large size-large wp-image-365\" alt=\"\" srcset=\"https:\/\/knightsofmaltaosj.com.br\/wp-content\/uploads\/2022\/03\/3.png 941w, https:\/\/knightsofmaltaosj.com.br\/wp-content\/uploads\/2022\/03\/3-300x209.png 300w, https:\/\/knightsofmaltaosj.com.br\/wp-content\/uploads\/2022\/03\/3-768x535.png 768w\" sizes=\"(max-width: 941px) 100vw, 941px\" \/>\t\t\t\t\t\t\t\t\t\t\t\t\t\t\t<\/div>\n\t\t\t\t<\/div>\n\t\t\t\t<div class=\"elementor-element elementor-element-eb4fb3a elementor-widget elementor-widget-text-editor\" data-id=\"eb4fb3a\" data-element_type=\"widget\" data-e-type=\"widget\" data-widget_type=\"text-editor.default\">\n\t\t\t\t<div class=\"elementor-widget-container\">\n\t\t\t\t\t\t\t\t\t<p><span class=\"ILfuVd\"><span class=\"hgKElc\">\u00c9 um representante de um Estado (Estado acreditante) num outro Estado (Estado receptor), devidamente reconhecido para o efeito por ambos. O <b>Correspondente Diplom\u00e1tico<\/b> integra a miss\u00e3o <b>diplom\u00e1tica<\/b>, e coordenda o pessoal <b>diplom\u00e1tico<\/b> da mesma.<\/span><\/span><\/p>\t\t\t\t\t\t\t\t<\/div>\n\t\t\t\t<\/div>\n\t\t\t\t\t<\/div>\n\t\t<\/div>\n\t\t\t\t\t<\/div>\n\t\t<\/section>\n\t\t\t\t<section class=\"elementor-section elementor-top-section elementor-element elementor-element-2e499d3 elementor-section-boxed elementor-section-height-default elementor-section-height-default\" data-id=\"2e499d3\" data-element_type=\"section\" data-e-type=\"section\">\n\t\t\t\t\t\t<div class=\"elementor-container elementor-column-gap-default\">\n\t\t\t\t\t<div class=\"elementor-column elementor-col-100 elementor-top-column elementor-element elementor-element-11c5e8b\" data-id=\"11c5e8b\" data-element_type=\"column\" data-e-type=\"column\">\n\t\t\t<div class=\"elementor-widget-wrap elementor-element-populated\">\n\t\t\t\t\t\t<section class=\"elementor-section elementor-inner-section elementor-element elementor-element-7355842 elementor-section-boxed elementor-section-height-default elementor-section-height-default\" data-id=\"7355842\" data-element_type=\"section\" data-e-type=\"section\">\n\t\t\t\t\t\t<div class=\"elementor-container elementor-column-gap-default\">\n\t\t\t\t\t<div class=\"elementor-column elementor-col-100 elementor-inner-column elementor-element elementor-element-19370a6\" data-id=\"19370a6\" data-element_type=\"column\" data-e-type=\"column\" data-settings=\"{&quot;background_background&quot;:&quot;classic&quot;}\">\n\t\t\t<div class=\"elementor-widget-wrap elementor-element-populated\">\n\t\t\t\t\t\t<div class=\"elementor-element elementor-element-e2f9790 elementor-align-center elementor-widget elementor-widget-button\" data-id=\"e2f9790\" data-element_type=\"widget\" data-e-type=\"widget\" data-widget_type=\"button.default\">\n\t\t\t\t<div class=\"elementor-widget-container\">\n\t\t\t\t\t\t\t\t\t<div class=\"elementor-button-wrapper\">\n\t\t\t\t\t<a class=\"elementor-button elementor-button-link elementor-size-sm\" href=\"https:\/\/iosj.org\/grand-priories\/country-grand-masters\">\n\t\t\t\t\t\t<span class=\"elementor-button-content-wrapper\">\n\t\t\t\t\t\t\t\t\t<span class=\"elementor-button-text\">LISTA DE GR\u00c3O MESTRES E   GR\u00c3O PRIORES MUNDIAL<\/span>\n\t\t\t\t\t<\/span>\n\t\t\t\t\t<\/a>\n\t\t\t\t<\/div>\n\t\t\t\t\t\t\t\t<\/div>\n\t\t\t\t<\/div>\n\t\t\t\t<div class=\"elementor-element elementor-element-a95e3cc elementor-align-center elementor-widget elementor-widget-button\" data-id=\"a95e3cc\" data-element_type=\"widget\" data-e-type=\"widget\" data-widget_type=\"button.default\">\n\t\t\t\t<div class=\"elementor-widget-container\">\n\t\t\t\t\t\t\t\t\t<div class=\"elementor-button-wrapper\">\n\t\t\t\t\t<a class=\"elementor-button elementor-button-link elementor-size-sm\" href=\"https:\/\/www.sovereignorderosjmalta.com\/\">\n\t\t\t\t\t\t<span class=\"elementor-button-content-wrapper\">\n\t\t\t\t\t\t\t\t\t<span class=\"elementor-button-text\">ORDEM SOBERANA DE S\u00c3O JO\u00c3O DE JERUSALEM O.S.J DOS CAVALEIROS DE MALTA  INTERNACIONAL<\/span>\n\t\t\t\t\t<\/span>\n\t\t\t\t\t<\/a>\n\t\t\t\t<\/div>\n\t\t\t\t\t\t\t\t<\/div>\n\t\t\t\t<\/div>\n\t\t\t\t\t<\/div>\n\t\t<\/div>\n\t\t\t\t\t<\/div>\n\t\t<\/section>\n\t\t\t\t\t<\/div>\n\t\t<\/div>\n\t\t\t\t\t<\/div>\n\t\t<\/section>\n\t\t\t\t<\/div>\n\t\t","protected":false},"excerpt":{"rendered":"<p>Gr\u00e3o Prior do Brasil &#8211; Franco Nicoletti T\u00edtulo investido ao Gr\u00e3o Prior do Brasil Aos 17 dias do m\u00eas de novembro do ano de nosso senhor, 2020, foi empossado\u00a0 com o t\u00edtulo de Gr\u00e3o Prior do Brasil, o Nobre Cavaleiro Franco Nicoletti. Nascido em 31 de Janeiro de 1947, este homem representa todos os valores [&hellip;]<\/p>\n","protected":false},"author":1,"featured_media":0,"parent":0,"menu_order":0,"comment_status":"closed","ping_status":"closed","template":"elementor_header_footer","meta":{"ocean_post_layout":"","ocean_both_sidebars_style":"","ocean_both_sidebars_content_width":0,"ocean_both_sidebars_sidebars_width":0,"ocean_sidebar":"0","ocean_second_sidebar":"0","ocean_disable_margins":"enable","ocean_add_body_class":"","ocean_shortcode_before_top_bar":"","ocean_shortcode_after_top_bar":"","ocean_shortcode_before_header":"","ocean_shortcode_after_header":"","ocean_has_shortcode":"","ocean_shortcode_after_title":"","ocean_shortcode_before_footer_widgets":"","ocean_shortcode_after_footer_widgets":"","ocean_shortcode_before_footer_bottom":"","ocean_shortcode_after_footer_bottom":"","ocean_display_top_bar":"off","ocean_display_header":"default","ocean_header_style":"","ocean_center_header_left_menu":"0","ocean_custom_header_template":"0","ocean_custom_logo":0,"ocean_custom_retina_logo":0,"ocean_custom_logo_max_width":0,"ocean_custom_logo_tablet_max_width":0,"ocean_custom_logo_mobile_max_width":0,"ocean_custom_logo_max_height":0,"ocean_custom_logo_tablet_max_height":0,"ocean_custom_logo_mobile_max_height":0,"ocean_header_custom_menu":"0","ocean_menu_typo_font_family":"0","ocean_menu_typo_font_subset":"","ocean_menu_typo_font_size":0,"ocean_menu_typo_font_size_tablet":0,"ocean_menu_typo_font_size_mobile":0,"ocean_menu_typo_font_size_unit":"px","ocean_menu_typo_font_weight":"","ocean_menu_typo_font_weight_tablet":"","ocean_menu_typo_font_weight_mobile":"","ocean_menu_typo_transform":"","ocean_menu_typo_transform_tablet":"","ocean_menu_typo_transform_mobile":"","ocean_menu_typo_line_height":0,"ocean_menu_typo_line_height_tablet":0,"ocean_menu_typo_line_height_mobile":0,"ocean_menu_typo_line_height_unit":"","ocean_menu_typo_spacing":0,"ocean_menu_typo_spacing_tablet":0,"ocean_menu_typo_spacing_mobile":0,"ocean_menu_typo_spacing_unit":"","ocean_menu_link_color":"","ocean_menu_link_color_hover":"","ocean_menu_link_color_active":"","ocean_menu_link_background":"","ocean_menu_link_hover_background":"","ocean_menu_link_active_background":"","ocean_menu_social_links_bg":"","ocean_menu_social_hover_links_bg":"","ocean_menu_social_links_color":"","ocean_menu_social_hover_links_color":"","ocean_disable_title":"on","ocean_disable_heading":"default","ocean_post_title":"","ocean_post_subheading":"","ocean_post_title_style":"","ocean_post_title_background_color":"","ocean_post_title_background":0,"ocean_post_title_bg_image_position":"","ocean_post_title_bg_image_attachment":"","ocean_post_title_bg_image_repeat":"","ocean_post_title_bg_image_size":"","ocean_post_title_height":0,"ocean_post_title_bg_overlay":0.5,"ocean_post_title_bg_overlay_color":"","ocean_disable_breadcrumbs":"default","ocean_breadcrumbs_color":"","ocean_breadcrumbs_separator_color":"","ocean_breadcrumbs_links_color":"","ocean_breadcrumbs_links_hover_color":"","ocean_display_footer_widgets":"default","ocean_display_footer_bottom":"default","ocean_custom_footer_template":"0","footnotes":""},"class_list":["post-82","page","type-page","status-publish","hentry","entry"],"_links":{"self":[{"href":"https:\/\/knightsofmaltaosj.com.br\/index.php?rest_route=\/wp\/v2\/pages\/82"}],"collection":[{"href":"https:\/\/knightsofmaltaosj.com.br\/index.php?rest_route=\/wp\/v2\/pages"}],"about":[{"href":"https:\/\/knightsofmaltaosj.com.br\/index.php?rest_route=\/wp\/v2\/types\/page"}],"author":[{"embeddable":true,"href":"https:\/\/knightsofmaltaosj.com.br\/index.php?rest_route=\/wp\/v2\/users\/1"}],"replies":[{"embeddable":true,"href":"https:\/\/knightsofmaltaosj.com.br\/index.php?rest_route=%2Fwp%2Fv2%2Fcomments&post=82"}],"version-history":[{"count":28,"href":"https:\/\/knightsofmaltaosj.com.br\/index.php?rest_route=\/wp\/v2\/pages\/82\/revisions"}],"predecessor-version":[{"id":1691,"href":"https:\/\/knightsofmaltaosj.com.br\/index.php?rest_route=\/wp\/v2\/pages\/82\/revisions\/1691"}],"wp:attachment":[{"href":"https:\/\/knightsofmaltaosj.com.br\/index.php?rest_route=%2Fwp%2Fv2%2Fmedia&parent=82"}],"curies":[{"name":"wp","href":"https:\/\/api.w.org\/{rel}","templated":true}]}}