{"id":84,"date":"2022-02-18T14:17:39","date_gmt":"2022-02-18T14:17:39","guid":{"rendered":"https:\/\/knightsofmaltaosj.com.br\/?page_id=84"},"modified":"2023-07-07T18:12:35","modified_gmt":"2023-07-07T18:12:35","slug":"acoes-humanitarias","status":"publish","type":"page","link":"https:\/\/knightsofmaltaosj.com.br\/?page_id=84","title":{"rendered":"A\u00e7\u00f5es Humanit\u00e1rias"},"content":{"rendered":"<style>\/*! elementor - v3.5.6 - 28-02-2022 *\/<br \/>\n.elementor-widget-divider{--divider-border-style:none;--divider-border-width:1px;--divider-color:#2c2c2c;--divider-icon-size:20px;--divider-element-spacing:10px;--divider-pattern-height:24px;--divider-pattern-size:20px;--divider-pattern-url:none;--divider-pattern-repeat:repeat-x}.elementor-widget-divider .elementor-divider{display:-webkit-box;display:-ms-flexbox;display:flex}.elementor-widget-divider .elementor-divider__text{font-size:15px;line-height:1;max-width:95%}.elementor-widget-divider .elementor-divider__element{margin:0 var(--divider-element-spacing);-ms-flex-negative:0;flex-shrink:0}.elementor-widget-divider .elementor-icon{font-size:var(--divider-icon-size)}.elementor-widget-divider .elementor-divider-separator{display:-webkit-box;display:-ms-flexbox;display:flex;margin:0;direction:ltr}.elementor-widget-divider--view-line_icon .elementor-divider-separator,.elementor-widget-divider--view-line_text .elementor-divider-separator{-webkit-box-align:center;-ms-flex-align:center;align-items:center}.elementor-widget-divider--view-line_icon .elementor-divider-separator:after,.elementor-widget-divider--view-line_icon .elementor-divider-separator:before,.elementor-widget-divider--view-line_text .elementor-divider-separator:after,.elementor-widget-divider--view-line_text .elementor-divider-separator:before{display:block;content:\"\";border-bottom:0;-webkit-box-flex:1;-ms-flex-positive:1;flex-grow:1;border-top:var(--divider-border-width) var(--divider-border-style) var(--divider-color)}.elementor-widget-divider--element-align-left .elementor-divider .elementor-divider-separator>.elementor-divider__svg:first-of-type{-webkit-box-flex:0;-ms-flex-positive:0;flex-grow:0;-ms-flex-negative:100;flex-shrink:100}.elementor-widget-divider--element-align-left .elementor-divider-separator:before{content:none}.elementor-widget-divider--element-align-left .elementor-divider__element{margin-left:0}.elementor-widget-divider--element-align-right .elementor-divider .elementor-divider-separator>.elementor-divider__svg:last-of-type{-webkit-box-flex:0;-ms-flex-positive:0;flex-grow:0;-ms-flex-negative:100;flex-shrink:100}.elementor-widget-divider--element-align-right .elementor-divider-separator:after{content:none}.elementor-widget-divider--element-align-right .elementor-divider__element{margin-right:0}.elementor-widget-divider:not(.elementor-widget-divider--view-line_text):not(.elementor-widget-divider--view-line_icon) .elementor-divider-separator{border-top:var(--divider-border-width) var(--divider-border-style) var(--divider-color)}.elementor-widget-divider--separator-type-pattern{--divider-border-style:none}.elementor-widget-divider--separator-type-pattern.elementor-widget-divider--view-line .elementor-divider-separator,.elementor-widget-divider--separator-type-pattern:not(.elementor-widget-divider--view-line) .elementor-divider-separator:after,.elementor-widget-divider--separator-type-pattern:not(.elementor-widget-divider--view-line) .elementor-divider-separator:before,.elementor-widget-divider--separator-type-pattern:not([class*=elementor-widget-divider--view]) .elementor-divider-separator{width:100%;min-height:var(--divider-pattern-height);-webkit-mask-size:var(--divider-pattern-size) 100%;mask-size:var(--divider-pattern-size) 100%;-webkit-mask-repeat:var(--divider-pattern-repeat);mask-repeat:var(--divider-pattern-repeat);background-color:var(--divider-color);-webkit-mask-image:var(--divider-pattern-url);mask-image:var(--divider-pattern-url)}.elementor-widget-divider--no-spacing{--divider-pattern-size:auto}.elementor-widget-divider--bg-round{--divider-pattern-repeat:round}.rtl .elementor-widget-divider .elementor-divider__text{direction:rtl}<\/style>\n<style>\/*! elementor - v3.5.6 - 28-02-2022 *\/<br \/>\n.elementor-heading-title{padding:0;margin:0;line-height:1}.elementor-widget-heading .elementor-heading-title[class*=elementor-size-]>a{color:inherit;font-size:inherit;line-height:inherit}.elementor-widget-heading .elementor-heading-title.elementor-size-small{font-size:15px}.elementor-widget-heading .elementor-heading-title.elementor-size-medium{font-size:19px}.elementor-widget-heading .elementor-heading-title.elementor-size-large{font-size:29px}.elementor-widget-heading .elementor-heading-title.elementor-size-xl{font-size:39px}.elementor-widget-heading .elementor-heading-title.elementor-size-xxl{font-size:59px}<\/style>\n<h2>pro fide pro utilitatum hominum<\/h2>\n<style>\/*! elementor - v3.5.6 - 28-02-2022 *\/<br \/>\n.elementor-widget-image{text-align:center}.elementor-widget-image a{display:inline-block}.elementor-widget-image a img[src$=\".svg\"]{width:48px}.elementor-widget-image img{vertical-align:middle;display:inline-block}<\/style>\n<p>\t\t\t\t\t\t\t\t\t\t\t\t<img fetchpriority=\"high\" decoding=\"async\" width=\"298\" height=\"227\" src=\"http:\/\/knightsofmaltaosj.com.br\/wp-content\/uploads\/2022\/03\/Franco-Nicoletti-2.png\" alt=\"\"><\/p>\n<p>Fundada no s\u00e9culo XI em Jerusal\u00e9m para tratar e assistir peregrinos e doentes, a Ordem de S\u00e3o Jo\u00e3o &#8211; OSJ &#8211; manteve ao longo dos s\u00e9culos a sua finalidade, inalterada desde o in\u00edcio, e que se resume no seu lema:<\/p>\n<p style=\"text-align: center;\"><em>&#8220;Pela f\u00e9 e ao servi\u00e7o da humanidade&#8221;<\/em><\/p>\n<p>A Ordem Soberana de S\u00e3o Jo\u00e3o de Jerusal\u00e9m, Cavaleiros de Malta OSJ, pertence \u00e0 grande fam\u00edlia das Ordens Mon\u00e1sticas de Cavalaria, tamb\u00e9m classificadas como ordens magistrais.<\/p>\n<p>A Ordem tem o prop\u00f3sito de promover a gl\u00f3ria de Deus atrav\u00e9s da santifica\u00e7\u00e3o de seus membros, servi\u00e7o \u00e0 F\u00e9 e ajuda ao pr\u00f3ximo.<\/p>\n<p>Fiel aos preceitos de Nosso Senhor Jesus Cristo, a Ordem afirma e difunde as virtudes crist\u00e3s da caridade e da fraternidade, exercendo, sem distin\u00e7\u00e3o de religi\u00e3o, ra\u00e7a, origem e idade, obras de miseric\u00f3rdia para com os doentes e necessitados.<\/p>\n<p>Os membros comprometem-se a lutar pela perfei\u00e7\u00e3o da vida crist\u00e3, de acordo com os deveres de seu estado, no esp\u00edrito cavalheiresco da Ordem.<\/p>\n<p>Um abra\u00e7o fraterno em S\u00e3o Jo\u00e3o nosso Padroeiro.<\/p>\n<p><a href=\"#\" role=\"button\"><br \/>\nLEIA TUDO<br \/>\n<\/a><\/p>\n<h2>Trabalhos Humanit\u00e1rios<\/h2>\n<h2><a href=\"http:\/\/knightsofmaltaosj.com.br\/?p=488\">Visita da Princesa Humanit\u00e1ria Maria Amor Torres<\/a><\/h2>\n<h2><a href=\"http:\/\/knightsofmaltaosj.com.br\/?p=488\">Caf\u00e9 da manh\u00e3 para ajudar as crian\u00e7as da Associa\u00e7\u00e3o Semeador<\/a><\/h2>\n<h2><a href=\"http:\/\/knightsofmaltaosj.com.br\/?p=488\">&nbsp; &nbsp; &nbsp; &nbsp; &nbsp;&nbsp; &nbsp; &nbsp; &nbsp; &nbsp;&nbsp; &nbsp; &nbsp; &nbsp; &nbsp;<br \/>\nAjuda humanit\u00e1ria ao projeto ASVEC<br \/>\n&nbsp; &nbsp; &nbsp; &nbsp; &nbsp;  &nbsp; &nbsp; &nbsp; &nbsp; &nbsp;<br \/>\n<\/a><\/h2>\n<h2>As atividades da Ordem de Malta em 9 pa\u00edses<\/h2>\n<h2>O mapa indica as capitais dos pa\u00edses onde a Ordem de Malta executa projetos m\u00e9dicos, sociais ou humanit\u00e1rios<\/h2>\n<p><img decoding=\"async\" width=\"768\" height=\"432\" src=\"http:\/\/knightsofmaltaosj.com.br\/wp-content\/uploads\/2022\/04\/mapa-cavaleiros-vermelho-sem-fundo-768x432.png\" alt=\"\" srcset=\"https:\/\/knightsofmaltaosj.com.br\/wp-content\/uploads\/2022\/04\/mapa-cavaleiros-vermelho-sem-fundo-768x432.png 768w, https:\/\/knightsofmaltaosj.com.br\/wp-content\/uploads\/2022\/04\/mapa-cavaleiros-vermelho-sem-fundo-300x169.png 300w, https:\/\/knightsofmaltaosj.com.br\/wp-content\/uploads\/2022\/04\/mapa-cavaleiros-vermelho-sem-fundo-1024x576.png 1024w, https:\/\/knightsofmaltaosj.com.br\/wp-content\/uploads\/2022\/04\/mapa-cavaleiros-vermelho-sem-fundo-1536x864.png 1536w, https:\/\/knightsofmaltaosj.com.br\/wp-content\/uploads\/2022\/04\/mapa-cavaleiros-vermelho-sem-fundo.png 1920w\" sizes=\"(max-width: 768px) 100vw, 768px\"><\/p>\n","protected":false},"excerpt":{"rendered":"<p>pro fide pro utilitatum hominum Fundada no s\u00e9culo XI em Jerusal\u00e9m para tratar e assistir peregrinos e doentes, a Ordem de S\u00e3o Jo\u00e3o &#8211; OSJ &#8211; manteve ao longo dos s\u00e9culos a sua finalidade, inalterada desde o in\u00edcio, e que se resume no seu lema: &#8220;Pela f\u00e9 e ao servi\u00e7o da humanidade&#8221; A Ordem Soberana [&hellip;]<\/p>\n","protected":false},"author":1,"featured_media":0,"parent":0,"menu_order":0,"comment_status":"closed","ping_status":"closed","template":"elementor_header_footer","meta":{"ocean_post_layout":"","ocean_both_sidebars_style":"","ocean_both_sidebars_content_width":0,"ocean_both_sidebars_sidebars_width":0,"ocean_sidebar":"0","ocean_second_sidebar":"0","ocean_disable_margins":"enable","ocean_add_body_class":"","ocean_shortcode_before_top_bar":"","ocean_shortcode_after_top_bar":"","ocean_shortcode_before_header":"","ocean_shortcode_after_header":"","ocean_has_shortcode":"","ocean_shortcode_after_title":"","ocean_shortcode_before_footer_widgets":"","ocean_shortcode_after_footer_widgets":"","ocean_shortcode_before_footer_bottom":"","ocean_shortcode_after_footer_bottom":"","ocean_display_top_bar":"off","ocean_display_header":"default","ocean_header_style":"","ocean_center_header_left_menu":"0","ocean_custom_header_template":"0","ocean_custom_logo":0,"ocean_custom_retina_logo":0,"ocean_custom_logo_max_width":0,"ocean_custom_logo_tablet_max_width":0,"ocean_custom_logo_mobile_max_width":0,"ocean_custom_logo_max_height":0,"ocean_custom_logo_tablet_max_height":0,"ocean_custom_logo_mobile_max_height":0,"ocean_header_custom_menu":"0","ocean_menu_typo_font_family":"0","ocean_menu_typo_font_subset":"","ocean_menu_typo_font_size":0,"ocean_menu_typo_font_size_tablet":0,"ocean_menu_typo_font_size_mobile":0,"ocean_menu_typo_font_size_unit":"px","ocean_menu_typo_font_weight":"","ocean_menu_typo_font_weight_tablet":"","ocean_menu_typo_font_weight_mobile":"","ocean_menu_typo_transform":"","ocean_menu_typo_transform_tablet":"","ocean_menu_typo_transform_mobile":"","ocean_menu_typo_line_height":0,"ocean_menu_typo_line_height_tablet":0,"ocean_menu_typo_line_height_mobile":0,"ocean_menu_typo_line_height_unit":"","ocean_menu_typo_spacing":0,"ocean_menu_typo_spacing_tablet":0,"ocean_menu_typo_spacing_mobile":0,"ocean_menu_typo_spacing_unit":"","ocean_menu_link_color":"","ocean_menu_link_color_hover":"","ocean_menu_link_color_active":"","ocean_menu_link_background":"","ocean_menu_link_hover_background":"","ocean_menu_link_active_background":"","ocean_menu_social_links_bg":"","ocean_menu_social_hover_links_bg":"","ocean_menu_social_links_color":"","ocean_menu_social_hover_links_color":"","ocean_disable_title":"on","ocean_disable_heading":"default","ocean_post_title":"","ocean_post_subheading":"","ocean_post_title_style":"","ocean_post_title_background_color":"","ocean_post_title_background":0,"ocean_post_title_bg_image_position":"","ocean_post_title_bg_image_attachment":"","ocean_post_title_bg_image_repeat":"","ocean_post_title_bg_image_size":"","ocean_post_title_height":0,"ocean_post_title_bg_overlay":0.5,"ocean_post_title_bg_overlay_color":"","ocean_disable_breadcrumbs":"default","ocean_breadcrumbs_color":"","ocean_breadcrumbs_separator_color":"","ocean_breadcrumbs_links_color":"","ocean_breadcrumbs_links_hover_color":"","ocean_display_footer_widgets":"default","ocean_display_footer_bottom":"default","ocean_custom_footer_template":"0","footnotes":""},"class_list":["post-84","page","type-page","status-publish","hentry","entry"],"_links":{"self":[{"href":"https:\/\/knightsofmaltaosj.com.br\/index.php?rest_route=\/wp\/v2\/pages\/84"}],"collection":[{"href":"https:\/\/knightsofmaltaosj.com.br\/index.php?rest_route=\/wp\/v2\/pages"}],"about":[{"href":"https:\/\/knightsofmaltaosj.com.br\/index.php?rest_route=\/wp\/v2\/types\/page"}],"author":[{"embeddable":true,"href":"https:\/\/knightsofmaltaosj.com.br\/index.php?rest_route=\/wp\/v2\/users\/1"}],"replies":[{"embeddable":true,"href":"https:\/\/knightsofmaltaosj.com.br\/index.php?rest_route=%2Fwp%2Fv2%2Fcomments&post=84"}],"version-history":[{"count":38,"href":"https:\/\/knightsofmaltaosj.com.br\/index.php?rest_route=\/wp\/v2\/pages\/84\/revisions"}],"predecessor-version":[{"id":1695,"href":"https:\/\/knightsofmaltaosj.com.br\/index.php?rest_route=\/wp\/v2\/pages\/84\/revisions\/1695"}],"wp:attachment":[{"href":"https:\/\/knightsofmaltaosj.com.br\/index.php?rest_route=%2Fwp%2Fv2%2Fmedia&parent=84"}],"curies":[{"name":"wp","href":"https:\/\/api.w.org\/{rel}","templated":true}]}}